{"id":6,"date":"2019-02-28T21:49:11","date_gmt":"2019-02-28T20:49:11","guid":{"rendered":"https:\/\/studio52-yoga.com\/?page_id=6"},"modified":"2023-09-21T15:04:31","modified_gmt":"2023-09-21T13:04:31","slug":"contact","status":"publish","type":"page","link":"https:\/\/studio52-yoga.com\/index.php\/contact\/","title":{"rendered":"Contact"},"content":{"rendered":"\t\t<div data-elementor-type=\"wp-page\" data-elementor-id=\"6\" class=\"elementor elementor-6\">\n\t\t\t\t\t\t<section class=\"elementor-section elementor-top-section elementor-element elementor-element-62d10b46 elementor-section-boxed elementor-section-height-default elementor-section-height-default\" data-id=\"62d10b46\" data-element_type=\"section\">\n\t\t\t\t\t\t<div class=\"elementor-container elementor-column-gap-default\">\n\t\t\t\t\t<div class=\"elementor-column elementor-col-100 elementor-top-column elementor-element elementor-element-32193105\" data-id=\"32193105\" data-element_type=\"column\">\n\t\t\t<div class=\"elementor-widget-wrap elementor-element-populated\">\n\t\t\t\t\t\t<div class=\"elementor-element elementor-element-543f10fd elementor-widget elementor-widget-text-editor\" data-id=\"543f10fd\" data-element_type=\"widget\" data-widget_type=\"text-editor.default\">\n\t\t\t\t<div class=\"elementor-widget-container\">\n\t\t\t<style>\/*! elementor - v3.23.0 - 05-08-2024 *\/\n.elementor-widget-text-editor.elementor-drop-cap-view-stacked .elementor-drop-cap{background-color:#69727d;color:#fff}.elementor-widget-text-editor.elementor-drop-cap-view-framed .elementor-drop-cap{color:#69727d;border:3px solid;background-color:transparent}.elementor-widget-text-editor:not(.elementor-drop-cap-view-default) .elementor-drop-cap{margin-top:8px}.elementor-widget-text-editor:not(.elementor-drop-cap-view-default) .elementor-drop-cap-letter{width:1em;height:1em}.elementor-widget-text-editor .elementor-drop-cap{float:left;text-align:center;line-height:1;font-size:50px}.elementor-widget-text-editor .elementor-drop-cap-letter{display:inline-block}<\/style>\t\t\t\t<p><!-- wp:paragraph --><\/p>\n<p>Faites du yoga \u00e0 P\u00e9rigny, \u00e0 cot\u00e9 de La Rochelle, mais aussi des Pilates, du Yoga danse, du QI-Gong ou encore de la sculpture sur argile !<\/p>\n<p><span style=\"color: var( --e-global-color-text ); font-family: var( --e-global-typography-text-font-family ), Sans-serif; font-weight: var( --e-global-typography-text-font-weight ); font-size: 1rem;\">Retrouvez nous au Studio 52 sur le site de La Fabrique, 3 rue Joseph Cugnot \u00e0 P\u00e9rigny (17)<\/span><\/p>\n<p>Pour les cours de <strong>Yoga<\/strong> avec Anne-Do :<br \/>Mobile :\u00a0<a href=\"tel:0633635305\">06.33.63.53.05<\/a><br \/><span style=\"font-size: 1rem;\">Email : <\/span><a style=\"font-size: 1rem;\" href=\"mailto:annedo@yogalarochelle.com\">annedo@yogalarochelle.com<\/a><\/p>\n<p>Pour les cours de <strong>Pilates<\/strong> avec David :<br \/>Mobile :\u00a0<a href=\"callto:0661081742\">06 61 08 17 42<\/a><br \/><span style=\"font-size: 1rem;\">Email : <\/span><a style=\"font-size: 1rem;\" href=\"mailto:d.chenevier@gmail.com\" target=\"_self\">d.chenevier@gmail.com<\/a><\/p>\n<p>Pour les cours de <strong>Yoga Danse<\/strong> avec Florence : <br \/>Mobile :\u00a0<a href=\"tel:0687667161\">06 87 66 71 61<\/a><\/p>\n<p>Pour les cours de <b>QI-Gong<\/b> avec Bernard :<br \/><span style=\"color: var( --e-global-color-text ); font-family: var( --e-global-typography-text-font-family ), Sans-serif; font-weight: var( --e-global-typography-text-font-weight ); font-size: 1rem;\">Mobile :\u00a0<\/span><a style=\"font-family: var( --e-global-typography-text-font-family ), Sans-serif; font-weight: var( --e-global-typography-text-font-weight ); background-color: #ffffff; font-size: 1rem;\" href=\"http:\/\/tel:0606432965\">06 06 43 29 65<\/a><br \/><span style=\"color: var( --e-global-color-text ); font-family: var( --e-global-typography-text-font-family ), Sans-serif; font-weight: var( --e-global-typography-text-font-weight ); font-size: 1rem;\">Email :\u00a0<\/span><a style=\"font-family: var( --e-global-typography-text-font-family ), Sans-serif; font-weight: var( --e-global-typography-text-font-weight ); background-color: #ffffff; font-size: 1rem;\" href=\"mailto:bernard.qg17@outlook.fr\">bernard.qg17@outlook.fr<\/a><\/p>\n<p>Pour les cours de <strong>Modelage et sculpture sur argile<\/strong> avec Karo :<br \/>Mobile : <a href=\"tel:0681115060\">06 81 11 50 80<\/a><br \/>Email : <a href=\"mailto:clemeur17@gmail.com\">clemeur17@gmail.com<\/a><\/p>\n<p>Pour tout autre information, contactez nous sur <a href=\"mailto:contact@studio52-yoga.com\">contact@studio52-yoga.com<\/a><\/p>\n<p><!-- \/wp:paragraph --><!-- wp:paragraph --><\/p>\n<p><iframe style=\"color: var( --e-global-color-text ); font-family: var( --e-global-typography-text-font-family ), Sans-serif; font-weight: var( --e-global-typography-text-font-weight ); font-size: 1rem; border-width: 0px; border-style: initial;\" src=\"https:\/\/www.google.com\/maps\/embed?pb=!1m14!1m8!1m3!1d11054.72460384702!2d-1.1056869!3d46.157095!3m2!1i1024!2i768!4f13.1!3m3!1m2!1s0x0%3A0xc7c886b1c9fb50db!2sStudio+52+-+Hatha+yoga+et+Kundalini+yoga!5e0!3m2!1sfr!2sfr!4v1552578120147\" width=\"600\" height=\"450\" frameborder=\"0\" allowfullscreen=\"allowfullscreen\"><\/iframe><\/p>\n<p><!-- \/wp:html --><\/p>\t\t\t\t\t\t<\/div>\n\t\t\t\t<\/div>\n\t\t\t\t\t<\/div>\n\t\t<\/div>\n\t\t\t\t\t<\/div>\n\t\t<\/section>\n\t\t\t\t<\/div>\n\t\t","protected":false},"excerpt":{"rendered":"<p>Faites du yoga \u00e0 P\u00e9rigny, \u00e0 cot\u00e9 de La Rochelle, mais aussi des Pilates, du Yoga danse, du QI-Gong ou encore de la sculpture sur argile ! Retrouvez nous au Studio 52 sur le site de La Fabrique, 3 rue Joseph Cugnot \u00e0 P\u00e9rigny (17) Pour les cours de Yoga avec Anne-Do :Mobile :\u00a006.33.63.53.05Email : &hellip; <\/p>\n<p class=\"link-more\"><a href=\"https:\/\/studio52-yoga.com\/index.php\/contact\/\" class=\"more-link\">Continuer la lecture<span class=\"screen-reader-text\"> de &laquo;&nbsp;Contact&nbsp;&raquo;<\/span><\/a><\/p>\n","protected":false},"author":1,"featured_media":0,"parent":0,"menu_order":0,"comment_status":"closed","ping_status":"closed","template":"","meta":{"footnotes":""},"class_list":["post-6","page","type-page","status-publish","hentry"],"_links":{"self":[{"href":"https:\/\/studio52-yoga.com\/index.php\/wp-json\/wp\/v2\/pages\/6"}],"collection":[{"href":"https:\/\/studio52-yoga.com\/index.php\/wp-json\/wp\/v2\/pages"}],"about":[{"href":"https:\/\/studio52-yoga.com\/index.php\/wp-json\/wp\/v2\/types\/page"}],"author":[{"embeddable":true,"href":"https:\/\/studio52-yoga.com\/index.php\/wp-json\/wp\/v2\/users\/1"}],"replies":[{"embeddable":true,"href":"https:\/\/studio52-yoga.com\/index.php\/wp-json\/wp\/v2\/comments?post=6"}],"version-history":[{"count":16,"href":"https:\/\/studio52-yoga.com\/index.php\/wp-json\/wp\/v2\/pages\/6\/revisions"}],"predecessor-version":[{"id":530,"href":"https:\/\/studio52-yoga.com\/index.php\/wp-json\/wp\/v2\/pages\/6\/revisions\/530"}],"wp:attachment":[{"href":"https:\/\/studio52-yoga.com\/index.php\/wp-json\/wp\/v2\/media?parent=6"}],"curies":[{"name":"wp","href":"https:\/\/api.w.org\/{rel}","templated":true}]}}