{"id":458,"date":"2022-11-28T09:22:46","date_gmt":"2022-11-28T08:22:46","guid":{"rendered":"https:\/\/studio52-yoga.com\/?page_id=458"},"modified":"2023-09-06T14:37:15","modified_gmt":"2023-09-06T12:37:15","slug":"la-yoga-danse-avec-florence","status":"publish","type":"page","link":"https:\/\/studio52-yoga.com\/index.php\/la-yoga-danse-avec-florence\/","title":{"rendered":"Yoga danse"},"content":{"rendered":"\t\t<div data-elementor-type=\"wp-page\" data-elementor-id=\"458\" class=\"elementor elementor-458\">\n\t\t\t\t\t\t<section class=\"elementor-section elementor-top-section elementor-element elementor-element-da789f6 elementor-section-boxed elementor-section-height-default elementor-section-height-default\" data-id=\"da789f6\" data-element_type=\"section\">\n\t\t\t\t\t\t<div class=\"elementor-container elementor-column-gap-default\">\n\t\t\t\t\t<div class=\"elementor-column elementor-col-100 elementor-top-column elementor-element elementor-element-60e4e55\" data-id=\"60e4e55\" data-element_type=\"column\">\n\t\t\t<div class=\"elementor-widget-wrap elementor-element-populated\">\n\t\t\t\t\t\t<div class=\"elementor-element elementor-element-a1192c3 elementor-widget elementor-widget-text-editor\" data-id=\"a1192c3\" data-element_type=\"widget\" data-widget_type=\"text-editor.default\">\n\t\t\t\t<div class=\"elementor-widget-container\">\n\t\t\t<style>\/*! elementor - v3.23.0 - 05-08-2024 *\/\n.elementor-widget-text-editor.elementor-drop-cap-view-stacked .elementor-drop-cap{background-color:#69727d;color:#fff}.elementor-widget-text-editor.elementor-drop-cap-view-framed .elementor-drop-cap{color:#69727d;border:3px solid;background-color:transparent}.elementor-widget-text-editor:not(.elementor-drop-cap-view-default) .elementor-drop-cap{margin-top:8px}.elementor-widget-text-editor:not(.elementor-drop-cap-view-default) .elementor-drop-cap-letter{width:1em;height:1em}.elementor-widget-text-editor .elementor-drop-cap{float:left;text-align:center;line-height:1;font-size:50px}.elementor-widget-text-editor .elementor-drop-cap-letter{display:inline-block}<\/style>\t\t\t\t<p>Je vous propose des s\u00e9ances de<span style=\"font-weight: bold;\">\u00a0yoga danse<\/span>. La danse fait partie de ma vie depuis l&rsquo;enfance et le yoga est arriv\u00e9 par la suite. J&rsquo;ai suivi une formation de 200h avec Yoga Danse Official. Le yoga danse est un m\u00e9lange de yoga type Viny\u0101sa avec des transitions dans\u00e9es entre les postures.<\/p>\t\t\t\t\t\t<\/div>\n\t\t\t\t<\/div>\n\t\t\t\t\t<\/div>\n\t\t<\/div>\n\t\t\t\t\t<\/div>\n\t\t<\/section>\n\t\t\t\t<section class=\"elementor-section elementor-top-section elementor-element elementor-element-ae0ed77 elementor-section-boxed elementor-section-height-default elementor-section-height-default\" data-id=\"ae0ed77\" data-element_type=\"section\">\n\t\t\t\t\t\t<div class=\"elementor-container elementor-column-gap-default\">\n\t\t\t\t\t<div class=\"elementor-column elementor-col-50 elementor-top-column elementor-element elementor-element-eb15784\" data-id=\"eb15784\" data-element_type=\"column\">\n\t\t\t<div class=\"elementor-widget-wrap elementor-element-populated\">\n\t\t\t\t\t\t<div class=\"elementor-element elementor-element-83af0e5 elementor-widget elementor-widget-image\" data-id=\"83af0e5\" data-element_type=\"widget\" data-widget_type=\"image.default\">\n\t\t\t\t<div class=\"elementor-widget-container\">\n\t\t\t<style>\/*! elementor - v3.23.0 - 05-08-2024 *\/\n.elementor-widget-image{text-align:center}.elementor-widget-image a{display:inline-block}.elementor-widget-image a img[src$=\".svg\"]{width:48px}.elementor-widget-image img{vertical-align:middle;display:inline-block}<\/style>\t\t\t\t\t\t\t<figure class=\"wp-caption\">\n\t\t\t\t\t\t\t\t\t\t<img fetchpriority=\"high\" decoding=\"async\" width=\"1351\" height=\"2048\" src=\"https:\/\/studio52-yoga.com\/wp-content\/uploads\/2022\/11\/portrait.jpg\" class=\"attachment-full size-full wp-image-459\" alt=\"Florence\" srcset=\"https:\/\/studio52-yoga.com\/wp-content\/uploads\/2022\/11\/portrait.jpg 1351w, https:\/\/studio52-yoga.com\/wp-content\/uploads\/2022\/11\/portrait-198x300.jpg 198w, https:\/\/studio52-yoga.com\/wp-content\/uploads\/2022\/11\/portrait-676x1024.jpg 676w, https:\/\/studio52-yoga.com\/wp-content\/uploads\/2022\/11\/portrait-768x1164.jpg 768w, https:\/\/studio52-yoga.com\/wp-content\/uploads\/2022\/11\/portrait-1013x1536.jpg 1013w\" sizes=\"100vw\" \/>\t\t\t\t\t\t\t\t\t\t\t<figcaption class=\"widget-image-caption wp-caption-text\">Florence<\/figcaption>\n\t\t\t\t\t\t\t\t\t\t<\/figure>\n\t\t\t\t\t\t\t<\/div>\n\t\t\t\t<\/div>\n\t\t\t\t\t<\/div>\n\t\t<\/div>\n\t\t\t\t<div class=\"elementor-column elementor-col-50 elementor-top-column elementor-element elementor-element-72d2af7\" data-id=\"72d2af7\" data-element_type=\"column\">\n\t\t\t<div class=\"elementor-widget-wrap elementor-element-populated\">\n\t\t\t\t\t\t<div class=\"elementor-element elementor-element-16f8e5f elementor-widget elementor-widget-text-editor\" data-id=\"16f8e5f\" data-element_type=\"widget\" data-widget_type=\"text-editor.default\">\n\t\t\t\t<div class=\"elementor-widget-container\">\n\t\t\t\t\t\t\t<p>Envie de travailler vos\u00a0<span style=\"font-weight: bold;\">\u00e9quilibres<\/span>, votre\u00a0<span style=\"font-weight: bold;\">souplesse<\/span>, d&rsquo;\u00eatre en\u00a0<em>harmonie\u00a0<\/em>avec votre corps. Le Yoga danse est une premi\u00e8re approche qui vous permettra de\u00a0<span style=\"font-weight: bold;\">vous \u00e9panouir.<\/span>\u00a0Le m\u00e9lange de danse, floorwork et \u00e9quilibre permet de travailler la fluidit\u00e9 du mouvement.<br \/><span style=\"color: var( --e-global-color-text ); font-family: var( --e-global-typography-text-font-family ), Sans-serif; font-weight: var( --e-global-typography-text-font-weight ); font-size: 1rem;\">La session\u00a0<\/span><span style=\"color: var( --e-global-color-text ); font-family: var( --e-global-typography-text-font-family ), Sans-serif; font-size: 1rem; font-weight: bold;\">fait du bien au corps mais aussi au mental<\/span><span style=\"color: var( --e-global-color-text ); font-family: var( --e-global-typography-text-font-family ), Sans-serif; font-weight: var( --e-global-typography-text-font-weight ); font-size: 1rem;\">. Au fur \u00e0 mesure des s\u00e9ances vous gagnez en force, souplesse, \u00e9nergie et confiance en vous. Le cours permet de<\/span><span style=\"color: var( --e-global-color-text ); font-family: var( --e-global-typography-text-font-family ), Sans-serif; font-size: 1rem; font-weight: bold;\">\u00a0l\u00e2cher prise<\/span><span style=\"color: var( --e-global-color-text ); font-family: var( --e-global-typography-text-font-family ), Sans-serif; font-weight: var( --e-global-typography-text-font-weight ); font-size: 1rem;\">\u00a0gr\u00e2ce \u00e0 la r\u00e9p\u00e9tition, de travailler le mouvement en pleine conscience de son corps et de travailler les\u00a0<\/span><span style=\"color: var( --e-global-color-text ); font-family: var( --e-global-typography-text-font-family ), Sans-serif; font-size: 1rem; font-weight: bold;\">muscles profonds<\/span><span style=\"color: var( --e-global-color-text ); font-family: var( --e-global-typography-text-font-family ), Sans-serif; font-weight: var( --e-global-typography-text-font-weight ); font-size: 1rem;\">.<\/span><\/p>\t\t\t\t\t\t<\/div>\n\t\t\t\t<\/div>\n\t\t\t\t\t<\/div>\n\t\t<\/div>\n\t\t\t\t\t<\/div>\n\t\t<\/section>\n\t\t\t\t<section class=\"elementor-section elementor-top-section elementor-element elementor-element-dfaee0a elementor-section-boxed elementor-section-height-default elementor-section-height-default\" data-id=\"dfaee0a\" data-element_type=\"section\">\n\t\t\t\t\t\t<div class=\"elementor-container elementor-column-gap-default\">\n\t\t\t\t\t<div class=\"elementor-column elementor-col-100 elementor-top-column elementor-element elementor-element-68fc4d3\" data-id=\"68fc4d3\" data-element_type=\"column\">\n\t\t\t<div class=\"elementor-widget-wrap elementor-element-populated\">\n\t\t\t\t\t\t<div class=\"elementor-element elementor-element-ba174e5 elementor-widget elementor-widget-text-editor\" data-id=\"ba174e5\" data-element_type=\"widget\" data-widget_type=\"text-editor.default\">\n\t\t\t\t<div class=\"elementor-widget-container\">\n\t\t\t\t\t\t\t<p><b><i>Acc\u00e9der \u00e0 l&rsquo;agenda de Florence, en cliquant <a href=\"https:\/\/www.supersaas.fr\/schedule\/Flow_Danse\/Planning_Yoga\">ici<\/a><\/i><\/b><\/p>\n<p><span style=\"font-weight: bold;\">Pour plus d\u2019informations :<\/span><br>Mobile :&nbsp;<a style=\"background-color: #ffffff;\" href=\"tel:0687667161\">06 87 66 71 61<\/a><br>Instagram :&nbsp;<a style=\"background-color: #ffffff;\" href=\"https:\/\/www.instagram.com\/flowdanse8\">flowdanse8<\/a><br>Facebook :&nbsp;<a style=\"background-color: #ffffff;\" href=\"https:\/\/www.facebook.com\/flore.lepine\">Flow Danse<\/a><\/p>\t\t\t\t\t\t<\/div>\n\t\t\t\t<\/div>\n\t\t\t\t\t<\/div>\n\t\t<\/div>\n\t\t\t\t\t<\/div>\n\t\t<\/section>\n\t\t\t\t<\/div>\n\t\t","protected":false},"excerpt":{"rendered":"<p>Je vous propose des s\u00e9ances de\u00a0yoga danse. La danse fait partie de ma vie depuis l&rsquo;enfance et le yoga est arriv\u00e9 par la suite. J&rsquo;ai suivi une formation de 200h avec Yoga Danse Official. Le yoga danse est un m\u00e9lange de yoga type Viny\u0101sa avec des transitions dans\u00e9es entre les postures. Florence Envie de travailler &hellip; <\/p>\n<p class=\"link-more\"><a href=\"https:\/\/studio52-yoga.com\/index.php\/la-yoga-danse-avec-florence\/\" class=\"more-link\">Continuer la lecture<span class=\"screen-reader-text\"> de &laquo;&nbsp;Yoga danse&nbsp;&raquo;<\/span><\/a><\/p>\n","protected":false},"author":1,"featured_media":0,"parent":0,"menu_order":0,"comment_status":"closed","ping_status":"closed","template":"","meta":{"footnotes":""},"class_list":["post-458","page","type-page","status-publish","hentry"],"_links":{"self":[{"href":"https:\/\/studio52-yoga.com\/index.php\/wp-json\/wp\/v2\/pages\/458"}],"collection":[{"href":"https:\/\/studio52-yoga.com\/index.php\/wp-json\/wp\/v2\/pages"}],"about":[{"href":"https:\/\/studio52-yoga.com\/index.php\/wp-json\/wp\/v2\/types\/page"}],"author":[{"embeddable":true,"href":"https:\/\/studio52-yoga.com\/index.php\/wp-json\/wp\/v2\/users\/1"}],"replies":[{"embeddable":true,"href":"https:\/\/studio52-yoga.com\/index.php\/wp-json\/wp\/v2\/comments?post=458"}],"version-history":[{"count":19,"href":"https:\/\/studio52-yoga.com\/index.php\/wp-json\/wp\/v2\/pages\/458\/revisions"}],"predecessor-version":[{"id":504,"href":"https:\/\/studio52-yoga.com\/index.php\/wp-json\/wp\/v2\/pages\/458\/revisions\/504"}],"wp:attachment":[{"href":"https:\/\/studio52-yoga.com\/index.php\/wp-json\/wp\/v2\/media?parent=458"}],"curies":[{"name":"wp","href":"https:\/\/api.w.org\/{rel}","templated":true}]}}