{"id":22,"date":"2019-02-28T22:37:10","date_gmt":"2019-02-28T21:37:10","guid":{"rendered":"https:\/\/studio52-yoga.com\/?page_id=22"},"modified":"2025-09-15T09:57:00","modified_gmt":"2025-09-15T07:57:00","slug":"sat-nam","status":"publish","type":"page","link":"https:\/\/studio52-yoga.com\/","title":{"rendered":"Namast\u00e9 !"},"content":{"rendered":"\n<p>Le yoga, \u00e7a fait du bien dans le corps et dans la t\u00eate et tout le monde peut en faire ! <\/p>\n\n\n\n<p>Le Studio 52 vous propose des cours de Yoga \u00e0 P\u00e9rigny \u00e0 cot\u00e9 de La Rochelle (17), mais aussi de Pilates.<\/p>\n\n\n\n<p>L&rsquo;avantage du Studio 52, c&rsquo;est qu&rsquo;il est au c\u0153ur de la Zone Industrielle de P\u00e9rigny et donc facile \u00e0 rejoindre \u00e0 la sortie du travail.<\/p>\n\n\n\n<p>Offrez vous un instant rien que pour vous, apportez vous un peu de calme et de d\u00e9tente.<\/p>\n\n\n\n<p>Diff\u00e9rentes activit\u00e9s sont propos\u00e9es : <a href=\"https:\/\/studio52-yoga.com\/index.php\/le-hatha-yoga\/\" data-type=\"page\" data-id=\"59\">Hatha yoga<\/a> avec Anne-Do mais aussi <a href=\"https:\/\/studio52-yoga.com\/index.php\/les-cours-de-pilates-avec-david\/\" data-type=\"page\" data-id=\"427\">Pilates<\/a> avec David, <a href=\"https:\/\/studio52-yoga.com\/index.php\/la-yoga-danse-avec-florence\/\" data-type=\"page\" data-id=\"458\">Yoga danse<\/a> et Yoga Vinyasa Mobilit\u00e9 avec Florence, <a href=\"https:\/\/studio52-yoga.com\/index.php\/qi-gong\/\" data-type=\"page\" data-id=\"517\">QI-Gong<\/a> avec Bernard et <a href=\"https:\/\/studio52-yoga.com\/index.php\/modelage-et-sculpture-sur-argile\/\" data-type=\"page\" data-id=\"383\">Sculpture et modelage sur argile<\/a> avec Karo.<\/p>\n\n\n\n<p>Que vous soyez novice, d\u00e9butant ou avanc\u00e9 dans la pratique du yoga, les cours sont ouverts \u00e0 toutes et \u00e0 tous.<\/p>\n\n\n\n<p>N&rsquo;h\u00e9sitez pas \u00e0 nous <a href=\"https:\/\/studio52-yoga.com\/index.php\/contact\/\" data-type=\"page\" data-id=\"6\"><strong>contacter<\/strong><\/a> si vous souhaitez plus d&rsquo;informations !<\/p>\n","protected":false},"excerpt":{"rendered":"<p>Le yoga, \u00e7a fait du bien dans le corps et dans la t\u00eate et tout le monde peut en faire ! Le Studio 52 vous propose des cours de Yoga \u00e0 P\u00e9rigny \u00e0 cot\u00e9 de La Rochelle (17), mais aussi de Pilates. L&rsquo;avantage du Studio 52, c&rsquo;est qu&rsquo;il est au c\u0153ur de la Zone Industrielle &hellip; <\/p>\n<p class=\"link-more\"><a href=\"https:\/\/studio52-yoga.com\/\" class=\"more-link\">Continuer la lecture<span class=\"screen-reader-text\"> de &laquo;&nbsp;Namast\u00e9 !&nbsp;&raquo;<\/span><\/a><\/p>\n","protected":false},"author":1,"featured_media":0,"parent":0,"menu_order":0,"comment_status":"closed","ping_status":"closed","template":"","meta":{"footnotes":""},"class_list":["post-22","page","type-page","status-publish","hentry"],"_links":{"self":[{"href":"https:\/\/studio52-yoga.com\/index.php\/wp-json\/wp\/v2\/pages\/22"}],"collection":[{"href":"https:\/\/studio52-yoga.com\/index.php\/wp-json\/wp\/v2\/pages"}],"about":[{"href":"https:\/\/studio52-yoga.com\/index.php\/wp-json\/wp\/v2\/types\/page"}],"author":[{"embeddable":true,"href":"https:\/\/studio52-yoga.com\/index.php\/wp-json\/wp\/v2\/users\/1"}],"replies":[{"embeddable":true,"href":"https:\/\/studio52-yoga.com\/index.php\/wp-json\/wp\/v2\/comments?post=22"}],"version-history":[{"count":23,"href":"https:\/\/studio52-yoga.com\/index.php\/wp-json\/wp\/v2\/pages\/22\/revisions"}],"predecessor-version":[{"id":680,"href":"https:\/\/studio52-yoga.com\/index.php\/wp-json\/wp\/v2\/pages\/22\/revisions\/680"}],"wp:attachment":[{"href":"https:\/\/studio52-yoga.com\/index.php\/wp-json\/wp\/v2\/media?parent=22"}],"curies":[{"name":"wp","href":"https:\/\/api.w.org\/{rel}","templated":true}]}}